{"id":2,"date":"2015-10-15T16:06:44","date_gmt":"2015-10-15T16:06:44","guid":{"rendered":"http:\/\/avecunquebecois.com\/?page_id=2"},"modified":"2023-03-13T21:47:36","modified_gmt":"2023-03-13T21:47:36","slug":"votre-guide","status":"publish","type":"page","link":"https:\/\/avecunquebecois.com\/es\/votre-guide\/","title":{"rendered":"Su anfitriona"},"content":{"rendered":"<p><\/p>\n<div class=\"row\">\n<div class=\"col-sm-4 col-md-6\">\n<div><a href=\"http:\/\/avecunquebecois.com\/wp-content\/uploads\/2018\/08\/sylvie-roy-2018.jpg\"><img loading=\"lazy\" class=\"margin-bottom-20 alignnone wp-image-54 size-large\" src=\"http:\/\/avecunquebecois.com\/wp-content\/uploads\/2018\/08\/sylvie-roy-2018.jpg\" alt=\"Votre guide\" width=\"1024\" height=\"683\" \/><\/a><\/div>\n<div class=\"row\">\n<div class=\"margin-bottom-20 col-sm-12\"><\/div>\n<\/div>\n<\/div>\n<div class=\"col-sm-8 col-md-6\">\n<h2>Enamorada de Montreal<\/h2>\n<p>Como viajera incansable, me atrevo a ofrecerles una experiencia inolvidable: una mezcla de reuniones, paseos sorprendentes, nuevos sabores&#8230; y todo en un ambiente cordial y afectuoso. Les propongo un recorrido por el Plateau Mont-Royal, uno de los barrios m\u00e1s pintorescos de Montreal, o una degustaci\u00f3n de nuestros productos t\u00edpicos, o tal vez paladear alguna comida especialmente preparada para Ud. Imag\u00ednese el placer de esa conversaci\u00f3n alrededor de mi mesa, donde el tema lo elige Ud. Quebec?, Canad\u00e1?, Montreal?, la aventura de viajar, en fin! la vida.<\/p>\n<p>Pero \u00bfQui\u00e9n es Sylvie? Le cuento. Hablo franc\u00e9s, ingl\u00e9s y espa\u00f1ol. Mi vida profesional se ha desarrollado dentro de la Universidad de Quebec, donde he sido responsable de las pasant\u00edas de los estudiantes de Turismo y Hoteler\u00eda. Adem\u00e1s, como socia durante 20 a\u00f1os de una agencia de viajes, acompa\u00f1\u00e9 a grupos organizados por todo el mundo. Curiosa, refinada, citadina y decididamente optimista, me encanta recibir en casa. Una visita a mi hogar, una t\u00edpica casa de estilo victoriano en el coraz\u00f3n del Plateau, agregar\u00e1 un cierto encanto a su estancia en Quebec.<\/p>\n<\/div>\n<\/div>\n<p><\/p>","protected":false},"excerpt":{"rendered":"<p>Enamorada de Montreal Como viajera incansable, me atrevo a ofrecerles una experiencia inolvidable: una mezcla de reuniones, paseos sorprendentes, nuevos sabores&#8230; y todo en un ambiente cordial y afectuoso. Les propongo un recorrido por el Plateau Mont-Royal, uno de los barrios m\u00e1s pintorescos de Montreal, o una degustaci\u00f3n de nuestros productos t\u00edpicos, o tal vez &hellip; <a href=\"https:\/\/avecunquebecois.com\/es\/votre-guide\/\">Continued<\/a><\/p>\n","protected":false},"author":1,"featured_media":0,"parent":0,"menu_order":0,"comment_status":"closed","ping_status":"closed","template":"template-votre-guide.php","meta":[],"_links":{"self":[{"href":"https:\/\/avecunquebecois.com\/es\/wp-json\/wp\/v2\/pages\/2"}],"collection":[{"href":"https:\/\/avecunquebecois.com\/es\/wp-json\/wp\/v2\/pages"}],"about":[{"href":"https:\/\/avecunquebecois.com\/es\/wp-json\/wp\/v2\/types\/page"}],"author":[{"embeddable":true,"href":"https:\/\/avecunquebecois.com\/es\/wp-json\/wp\/v2\/users\/1"}],"replies":[{"embeddable":true,"href":"https:\/\/avecunquebecois.com\/es\/wp-json\/wp\/v2\/comments?post=2"}],"version-history":[{"count":49,"href":"https:\/\/avecunquebecois.com\/es\/wp-json\/wp\/v2\/pages\/2\/revisions"}],"predecessor-version":[{"id":821,"href":"https:\/\/avecunquebecois.com\/es\/wp-json\/wp\/v2\/pages\/2\/revisions\/821"}],"wp:attachment":[{"href":"https:\/\/avecunquebecois.com\/es\/wp-json\/wp\/v2\/media?parent=2"}],"curies":[{"name":"wp","href":"https:\/\/api.w.org\/{rel}","templated":true}]}}