{"id":36,"date":"2015-10-16T03:59:00","date_gmt":"2015-10-16T03:59:00","guid":{"rendered":"http:\/\/avecunquebecois.com\/?page_id=36"},"modified":"2026-01-29T19:46:20","modified_gmt":"2026-01-29T19:46:20","slug":"balade-matinale","status":"publish","type":"page","link":"https:\/\/avecunquebecois.com\/es\/balade-matinale\/","title":{"rendered":"Paseo matinal por el Plateau Mont-Royal"},"content":{"rendered":"<p><\/p>\n<div class=\"embed-responsive embed-responsive-16by9\" style=\"margin-bottom: 40px;\"><iframe class=\"embed-responsive-item\" src=\"https:\/\/www.youtube.com\/embed\/UwZztzTfq4M?rel=0&amp;showinfo=0\" width=\"300\" height=\"150\" frameborder=\"0\" allowfullscreen=\"allowfullscreen\"><span style=\"display: inline-block; width: 0px; overflow: hidden; line-height: 0;\" data-mce-type=\"bookmark\" class=\"mce_SELRES_start\">\ufeff<\/span><\/iframe><\/div>\n<div class=\"row\">\n<div class=\"col-sm-6\">\n<div class=\"row\">\n<div class=\"col-sm-12 col-md-6\"><a href=\"http:\/\/avecunquebecois.com\/wp-content\/uploads\/2018\/08\/gite2018.jpg\"><img loading=\"lazy\" class=\"margin-bottom-20 alignnone size-large wp-image-498\" src=\"http:\/\/avecunquebecois.com\/wp-content\/uploads\/2018\/08\/gite2018.jpg\" alt=\"\" width=\"1024\" height=\"683\" \/><\/a><\/div>\n<div class=\"col-sm-12 col-md-6\"><a href=\"http:\/\/avecunquebecois.com\/wp-content\/uploads\/2018\/01\/hebergement-st-hubert.jpg\"><img loading=\"lazy\" class=\"margin-bottom-20 alignnone wp-image-80 size-large\" src=\"http:\/\/avecunquebecois.com\/wp-content\/uploads\/2018\/01\/hebergement-st-hubert.jpg\" alt=\"\" width=\"1024\" height=\"683\" \/><\/a><\/div>\n<\/div>\n<div class=\"row\">\n<div class=\"col-sm-12 col-md-6\"><a href=\"http:\/\/avecunquebecois.com\/wp-content\/uploads\/2018\/01\/balade_matinale-balade.jpg\"><img loading=\"lazy\" class=\"margin-bottom-20 alignnone size-large wp-image-498\" src=\"http:\/\/avecunquebecois.com\/wp-content\/uploads\/2018\/01\/balade_matinale-balade.jpg\" alt=\"\" width=\"1024\" height=\"683\" srcset=\"https:\/\/avecunquebecois.com\/wp-content\/uploads\/2018\/01\/balade_matinale-balade.jpg 1024w, https:\/\/avecunquebecois.com\/wp-content\/uploads\/2018\/01\/balade_matinale-balade-300x200.jpg 300w, https:\/\/avecunquebecois.com\/wp-content\/uploads\/2018\/01\/balade_matinale-balade-768x512.jpg 768w\" sizes=\"(max-width: 1024px) 100vw, 1024px\" \/><\/a><\/div>\n<div class=\"col-sm-12 col-md-6\"><a href=\"http:\/\/avecunquebecois.com\/wp-content\/uploads\/2018\/01\/balade_matinale-glaieuls.jpg\"><img loading=\"lazy\" class=\"margin-bottom-20 alignnone wp-image-80 size-large\" src=\"http:\/\/avecunquebecois.com\/wp-content\/uploads\/2018\/01\/balade_matinale-glaieuls.jpg\" alt=\"\" width=\"1024\" height=\"683\" \/><\/a><\/div>\n<\/div>\n<\/div>\n<div class=\"col-sm-6\">\n<h2>El d\u00eda comienza bien!<\/h2>\n<p>A partir de las 10h, iremos a ver como se preparan los comercios para comenzar la jornada. Un paseo por mis calles preferidas, Cherrier, Prince-Arthur, Laval, con sus hermosas casas victorianas al lado del Carr\u00e9 St-Louis, para terminar con mis comercios preferidos de las calles Duluth y Saint-Denis, cerca de la estaci\u00f3n de m\u00e9tro Sherbrooke.<\/p>\n<p>N.B. El paseo matinal no viene con una comida.<\/p>\n<p>&nbsp;<\/p>\n<table class=\"reservations\">\n<thead>\n<tr>\n<th>Tarifas 2026, impuestos incl.<br \/>\nMinimo 2 Maximo 8<br \/>\nDe las 10h a las 13h<\/th>\n<\/tr>\n<\/thead>\n<tbody>\n<tr>\n<td>$132 por persona<\/td>\n<\/tr>\n<tr>\n<td>$85\u00a0 ni\u00f1os de hasta 12 a\u00f1os<\/td>\n<\/tr>\n<tr>\n<td>En ingl\u00e9s o en franc\u00e9s<\/td>\n<\/tr>\n<tr>\n<td>Reserva con 48 horas de anticipaci\u00f3n<\/td>\n<\/tr>\n<tr>\n<td><a class=\"btn\" href=\"mailto:sylvie@avecunquebecois.com\">Reservar<\/a><\/td>\n<\/tr>\n<\/tbody>\n<\/table>\n<\/div>\n<\/div>\n<p><\/p>","protected":false},"excerpt":{"rendered":"<p>\ufeff El d\u00eda comienza bien! A partir de las 10h, iremos a ver como se preparan los comercios para comenzar la jornada. Un paseo por mis calles preferidas, Cherrier, Prince-Arthur, Laval, con sus hermosas casas victorianas al lado del Carr\u00e9 St-Louis, para terminar con mis comercios preferidos de las calles Duluth y Saint-Denis, cerca de &hellip; <a href=\"https:\/\/avecunquebecois.com\/es\/balade-matinale\/\">Continued<\/a><\/p>\n","protected":false},"author":1,"featured_media":0,"parent":0,"menu_order":0,"comment_status":"closed","ping_status":"closed","template":"template-no-sidebar.php","meta":[],"_links":{"self":[{"href":"https:\/\/avecunquebecois.com\/es\/wp-json\/wp\/v2\/pages\/36"}],"collection":[{"href":"https:\/\/avecunquebecois.com\/es\/wp-json\/wp\/v2\/pages"}],"about":[{"href":"https:\/\/avecunquebecois.com\/es\/wp-json\/wp\/v2\/types\/page"}],"author":[{"embeddable":true,"href":"https:\/\/avecunquebecois.com\/es\/wp-json\/wp\/v2\/users\/1"}],"replies":[{"embeddable":true,"href":"https:\/\/avecunquebecois.com\/es\/wp-json\/wp\/v2\/comments?post=36"}],"version-history":[{"count":76,"href":"https:\/\/avecunquebecois.com\/es\/wp-json\/wp\/v2\/pages\/36\/revisions"}],"predecessor-version":[{"id":848,"href":"https:\/\/avecunquebecois.com\/es\/wp-json\/wp\/v2\/pages\/36\/revisions\/848"}],"wp:attachment":[{"href":"https:\/\/avecunquebecois.com\/es\/wp-json\/wp\/v2\/media?parent=36"}],"curies":[{"name":"wp","href":"https:\/\/api.w.org\/{rel}","templated":true}]}}