{"id":492,"date":"2018-01-08T17:06:41","date_gmt":"2018-01-08T17:06:41","guid":{"rendered":"http:\/\/avecunquebecois.com\/fr\/?page_id=492"},"modified":"2026-01-29T20:08:16","modified_gmt":"2026-01-29T20:08:16","slug":"randonnee-sur-le-mont-royal","status":"publish","type":"page","link":"https:\/\/avecunquebecois.com\/es\/randonnee-sur-le-mont-royal\/","title":{"rendered":"Caminata por el Mont Royal"},"content":{"rendered":"<p><\/p>\n<div class=\"row\">\n<div class=\"col-sm-6\">\n<div class=\"row\">\n<div class=\"col-sm-12 col-md-6\"><a href=\"http:\/\/avecunquebecois.com\/wp-content\/uploads\/2018\/01\/randonnee-arbres.jpg\"><img loading=\"lazy\" class=\"aligncenter wp-image-510 size-full\" src=\"http:\/\/avecunquebecois.com\/wp-content\/uploads\/2018\/01\/randonnee-arbres.jpg\" alt=\"\" width=\"960\" height=\"1280\" \/><\/a><\/div>\n<div class=\"col-sm-12 col-md-6\"><a href=\"http:\/\/avecunquebecois.com\/wp-content\/uploads\/2018\/01\/randonnee-mont_royal.jpg\"><img loading=\"lazy\" class=\"aligncenter wp-image-511 size-full\" src=\"http:\/\/avecunquebecois.com\/wp-content\/uploads\/2018\/01\/randonnee-mont_royal.jpg\" alt=\"\" width=\"960\" height=\"1280\" \/><\/a><\/div>\n<\/div>\n<p><!-- row --><\/p>\n<\/div>\n<div class=\"col-sm-6\">\n<h2 class=\"\"><strong>Por la tarde, subida al Mont Royal, emblema de la ciudad<\/strong><\/h2>\n<p>Los espero en la esquina de las avenidas Du Parc y Mont Royal para descubrir juntos la serena belleza de este sitio patrimonial, \u00a0puesto en valor en 1976 por Frederick Law Olmsted, c\u00e9lebre paisajista del Central Park de New York. Nos esperan tres importantes paradas: el Mirador Kondiaronk, en las entra\u00f1as del monte, la Cruz del Mont Royal que domina la ciudad y la terraza del Chalet, en donde aprenderemos m\u00e1s sobre la historia de este sitio emblem\u00e1tico de Montreal. Si el tiempo le permite, iremos al espl\u00e9ndido Lac-aux-Castors.<\/p>\n<p>Durante este recorrido, les contar\u00e9 la historia de este parque tan presente en el coraz\u00f3n de nuestros habitantes. Tambi\u00e9n responder\u00e9 a todas sus preguntas sobre el parque, la ciudad, Quebec o Canad\u00e1.<\/p>\n<p>&nbsp;<\/p>\n<table class=\"reservations\">\n<thead>\n<tr>\n<th>Tarifas 2026, impuestos incl.<\/p>\n<p>De las 10h\u00a0 a las 13h<\/p>\n<p>Minimo 2 Maximo 8<\/th>\n<\/tr>\n<\/thead>\n<tbody>\n<tr>\n<td>$132 por persona<\/td>\n<\/tr>\n<tr>\n<td>$85\u00a0 ni\u00f1os de hasta 12 a\u00f1os<\/td>\n<\/tr>\n<tr>\n<td>En ingl\u00e9s ou en franc\u00e9s<\/td>\n<\/tr>\n<tr>\n<td>Reserva con 48 horas de anticipaci\u00f3n<\/td>\n<\/tr>\n<tr>\n<td><a class=\"btn\" href=\"mailto:sylvie@avecunquebecois.com\">Reservar<\/a><\/td>\n<\/tr>\n<\/tbody>\n<\/table>\n<\/div>\n<\/div>\n<p><\/p>","protected":false},"excerpt":{"rendered":"<p>Por la tarde, subida al Mont Royal, emblema de la ciudad Los espero en la esquina de las avenidas Du Parc y Mont Royal para descubrir juntos la serena belleza de este sitio patrimonial, \u00a0puesto en valor en 1976 por Frederick Law Olmsted, c\u00e9lebre paisajista del Central Park de New York. Nos esperan tres importantes &hellip; <a href=\"https:\/\/avecunquebecois.com\/es\/randonnee-sur-le-mont-royal\/\">Continued<\/a><\/p>\n","protected":false},"author":1,"featured_media":0,"parent":0,"menu_order":0,"comment_status":"closed","ping_status":"closed","template":"template-no-sidebar.php","meta":[],"_links":{"self":[{"href":"https:\/\/avecunquebecois.com\/es\/wp-json\/wp\/v2\/pages\/492"}],"collection":[{"href":"https:\/\/avecunquebecois.com\/es\/wp-json\/wp\/v2\/pages"}],"about":[{"href":"https:\/\/avecunquebecois.com\/es\/wp-json\/wp\/v2\/types\/page"}],"author":[{"embeddable":true,"href":"https:\/\/avecunquebecois.com\/es\/wp-json\/wp\/v2\/users\/1"}],"replies":[{"embeddable":true,"href":"https:\/\/avecunquebecois.com\/es\/wp-json\/wp\/v2\/comments?post=492"}],"version-history":[{"count":35,"href":"https:\/\/avecunquebecois.com\/es\/wp-json\/wp\/v2\/pages\/492\/revisions"}],"predecessor-version":[{"id":855,"href":"https:\/\/avecunquebecois.com\/es\/wp-json\/wp\/v2\/pages\/492\/revisions\/855"}],"wp:attachment":[{"href":"https:\/\/avecunquebecois.com\/es\/wp-json\/wp\/v2\/media?parent=492"}],"curies":[{"name":"wp","href":"https:\/\/api.w.org\/{rel}","templated":true}]}}