{"id":7,"date":"2015-01-15T16:16:12","date_gmt":"2015-01-15T16:16:12","guid":{"rendered":"http:\/\/avecunquebecois.com\/?page_id=7"},"modified":"2026-01-29T20:16:47","modified_gmt":"2026-01-29T20:16:47","slug":"hebergement","status":"publish","type":"page","link":"https:\/\/avecunquebecois.com\/es\/hebergement\/","title":{"rendered":"Casa centenaria"},"content":{"rendered":"<p><\/p>\n<div class=\"embed-responsive embed-responsive-16by9\" style=\"margin-bottom: 40px;\"><iframe class=\"embed-responsive-item\" src=\"https:\/\/www.youtube.com\/embed\/7pn9JiE0gOc?rel=0&amp;showinfo=0\" width=\"300\" height=\"150\" frameborder=\"0\" allowfullscreen=\"allowfullscreen\"><span style=\"display: inline-block; width: 0px; overflow: hidden; line-height: 0;\" data-mce-type=\"bookmark\" class=\"mce_SELRES_start\">\ufeff<\/span><\/iframe><\/div>\n<div class=\"row\">\n<div class=\"col-sm-6\">\n<div class=\"row\">\n<div class=\"col-sm-6 col-md-12\"><a class=\"picture-block\" href=\"http:\/\/avecunquebecois.com\/wp-content\/uploads\/2018\/08\/gite2018.jpg\"><img loading=\"lazy\" class=\"margin-bottom-20 alignnone wp-image-523 size-large\" src=\"http:\/\/avecunquebecois.com\/wp-content\/uploads\/2018\/08\/gite2018.jpg\" alt=\"G\u00eete\" width=\"1024\" height=\"683\" \/><\/a><\/div>\n<div class=\"col-sm-6 col-md-12\"><a class=\"picture-block\" href=\"http:\/\/avecunquebecois.com\/wp-content\/uploads\/2018\/01\/hebergement-st-hubert.jpg\"><img loading=\"lazy\" class=\"margin-bottom-20 alignnone size-large wp-image-81\" src=\"http:\/\/avecunquebecois.com\/wp-content\/uploads\/2018\/01\/hebergement-st-hubert.jpg\" alt=\"\" width=\"4896\" height=\"3264\" \/><\/a><\/div>\n<\/div>\n<\/div>\n<div class=\"col-sm-6\">\n<h2>En el coraz\u00f3n del Plateau<\/h2>\n<p><span style=\"font-size: large;\">Para la peque\u00f1a historia, compr\u00e9 esta casa in 1985 del arquitecto Claude Provencher, que acababa de renoverla. Tuve un verdadero enamoramiento al visitar este maravilloso d\u00faplex, en la calle St-Hubert, admirablemente ubicado en relaci\u00f3n con la universidad donde trabajaba, as\u00ed como en el Parc Lafontaine y la biblioteca principal de Montreal.<\/span><\/p>\n<p><span style=\"font-size: large;\">Lo cuid\u00e9 mucho con mi pareja y todavia aprecio vivir en esta hermosa et c\u00f3moda casa. Durante muchos a\u00f1os organic\u00e9 actividades de networking con Les Salons de Sylvie. Tambi\u00e9n instal\u00e9 un B&amp;B en esta casa de 2016 <strong>hasta el fin de 2022, fecha de cerrada.<\/strong> Recibi muchos visitantes europeos que descubrieron Montreal conmigo.<\/span><\/p>\n<p><span style=\"font-size: large;\">Desde 2011 organizo caminatas tur\u00edsticas por el Plateau y el Mont Royal para dar la bienvenida a los clientes saboreando en mi casa lo mejor de los productos de Quebec, dependiendo del paquete elegido.<\/span><\/p>\n<\/div>\n<\/div>\n<p><\/p>","protected":false},"excerpt":{"rendered":"<p>\ufeff En el coraz\u00f3n del Plateau Para la peque\u00f1a historia, compr\u00e9 esta casa in 1985 del arquitecto Claude Provencher, que acababa de renoverla. Tuve un verdadero enamoramiento al visitar este maravilloso d\u00faplex, en la calle St-Hubert, admirablemente ubicado en relaci\u00f3n con la universidad donde trabajaba, as\u00ed como en el Parc Lafontaine y la biblioteca principal &hellip; <a href=\"https:\/\/avecunquebecois.com\/es\/hebergement\/\">Continued<\/a><\/p>\n","protected":false},"author":1,"featured_media":0,"parent":0,"menu_order":0,"comment_status":"closed","ping_status":"closed","template":"template-no-sidebar.php","meta":[],"_links":{"self":[{"href":"https:\/\/avecunquebecois.com\/es\/wp-json\/wp\/v2\/pages\/7"}],"collection":[{"href":"https:\/\/avecunquebecois.com\/es\/wp-json\/wp\/v2\/pages"}],"about":[{"href":"https:\/\/avecunquebecois.com\/es\/wp-json\/wp\/v2\/types\/page"}],"author":[{"embeddable":true,"href":"https:\/\/avecunquebecois.com\/es\/wp-json\/wp\/v2\/users\/1"}],"replies":[{"embeddable":true,"href":"https:\/\/avecunquebecois.com\/es\/wp-json\/wp\/v2\/comments?post=7"}],"version-history":[{"count":153,"href":"https:\/\/avecunquebecois.com\/es\/wp-json\/wp\/v2\/pages\/7\/revisions"}],"predecessor-version":[{"id":858,"href":"https:\/\/avecunquebecois.com\/es\/wp-json\/wp\/v2\/pages\/7\/revisions\/858"}],"wp:attachment":[{"href":"https:\/\/avecunquebecois.com\/es\/wp-json\/wp\/v2\/media?parent=7"}],"curies":[{"name":"wp","href":"https:\/\/api.w.org\/{rel}","templated":true}]}}