{"id":9,"date":"2015-10-15T16:16:27","date_gmt":"2015-10-15T16:16:27","guid":{"rendered":"http:\/\/avecunquebecois.com\/?page_id=9"},"modified":"2025-01-12T20:25:53","modified_gmt":"2025-01-12T20:25:53","slug":"temoignages","status":"publish","type":"page","link":"https:\/\/avecunquebecois.com\/es\/temoignages\/","title":{"rendered":"Comentarios"},"content":{"rendered":"<p>Sobre las caminatas vespertinas:<\/p>\n<p><em>Cuando consult\u00e9 a mi director para conocer la opini\u00f3n de sus clientes, me coment\u00f3 que la actividad les hab\u00eda encantado. . \u00a1Qu\u00e9 bien!<\/em><\/p>\n<p>&#8211; Ema, a prop\u00f3sito de sus clientes australianos<\/p>\n<p>&nbsp;<\/p>\n<p><em>Mil gracias por una jornada magn\u00edfica, que me ha permitido descubrir los secretos escondidos del barrio y al mismo tiempo, encontrarme con gente maravillosa.<\/em><\/p>\n<p>&#8211;\u00a0H\u00e9l\u00e8ne T.<\/p>","protected":false},"excerpt":{"rendered":"<p>Sobre las caminatas vespertinas: Cuando consult\u00e9 a mi director para conocer la opini\u00f3n de sus clientes, me coment\u00f3 que la actividad les hab\u00eda encantado. . \u00a1Qu\u00e9 bien! &#8211; Ema, a prop\u00f3sito de sus clientes australianos &nbsp; Mil gracias por una jornada magn\u00edfica, que me ha permitido descubrir los secretos escondidos del barrio y al mismo &hellip; <a href=\"https:\/\/avecunquebecois.com\/es\/temoignages\/\">Continued<\/a><\/p>\n","protected":false},"author":1,"featured_media":0,"parent":0,"menu_order":0,"comment_status":"closed","ping_status":"closed","template":"template-temoignages.php","meta":[],"_links":{"self":[{"href":"https:\/\/avecunquebecois.com\/es\/wp-json\/wp\/v2\/pages\/9"}],"collection":[{"href":"https:\/\/avecunquebecois.com\/es\/wp-json\/wp\/v2\/pages"}],"about":[{"href":"https:\/\/avecunquebecois.com\/es\/wp-json\/wp\/v2\/types\/page"}],"author":[{"embeddable":true,"href":"https:\/\/avecunquebecois.com\/es\/wp-json\/wp\/v2\/users\/1"}],"replies":[{"embeddable":true,"href":"https:\/\/avecunquebecois.com\/es\/wp-json\/wp\/v2\/comments?post=9"}],"version-history":[{"count":33,"href":"https:\/\/avecunquebecois.com\/es\/wp-json\/wp\/v2\/pages\/9\/revisions"}],"predecessor-version":[{"id":845,"href":"https:\/\/avecunquebecois.com\/es\/wp-json\/wp\/v2\/pages\/9\/revisions\/845"}],"wp:attachment":[{"href":"https:\/\/avecunquebecois.com\/es\/wp-json\/wp\/v2\/media?parent=9"}],"curies":[{"name":"wp","href":"https:\/\/api.w.org\/{rel}","templated":true}]}}