{"id":11,"date":"2015-10-15T16:17:06","date_gmt":"2015-10-15T16:17:06","guid":{"rendered":"http:\/\/avecunquebecois.com\/?page_id=11"},"modified":"2018-08-30T21:00:10","modified_gmt":"2018-08-30T21:00:10","slug":"montreal","status":"publish","type":"page","link":"https:\/\/avecunquebecois.com\/fr\/montreal\/","title":{"rendered":"Montr\u00e9al"},"content":{"rendered":"<p><\/p>\n<div class=\"col-sm-6\" style=\"margin-bottom: 20px;\">\n<h2>Montr\u00e9al en 2017<\/h2>\n<div class=\"embed-responsive embed-responsive-16by9\"><iframe class=\"embed-responsive-item\" src=\"\/\/www.youtube.com\/embed\/cYHZbGhSGjI?rel=0&amp;showinfo=0\" width=\"300\" height=\"150\" frameborder=\"0\" allowfullscreen=\"allowfullscreen\"><\/iframe><\/div>\n<\/div>\n<div class=\"col-sm-6\">\n<h2>Sites d&rsquo;int\u00e9r\u00eat :<\/h2>\n<ul>\n<li class=\"p1\"><span class=\"s1\">Wikipedia :<br \/>\n<a href=\"https:\/\/fr.wikipedia.org\/wiki\/Montr%C3%A9al\"><span class=\"s2\">https:\/\/fr.wikipedia.org\/wiki\/Montr\u00e9al<\/span><\/a><\/span><\/li>\n<li class=\"p1\"><span class=\"s1\">Tourisme Montr\u00e9al :<br \/>\n<a href=\"http:\/\/www.tourisme-montreal.org\/\"><span class=\"s2\">http:\/\/www.tourisme-montreal.org<\/span><\/a><\/span><\/li>\n<li class=\"p2\"><span class=\"s3\">Tourisme Qu\u00e9bec :<br \/>\n<a href=\"http:\/\/www.tourisme.gouv.qc.ca\/\"><span class=\"s4\">http:\/\/www.tourisme.gouv.qc.ca<\/span><\/a><\/span><\/li>\n<li class=\"p1\"><span class=\"s1\">Parc Jean-Drapeau :<br \/>\n<a href=\"http:\/\/www.parcjeandrapeau.com\/\"><span class=\"s2\">http:\/\/www.parcjeandrapeau.com<\/span><\/a><\/span><\/li>\n<li class=\"p1\"><span class=\"s1\">Biod\u00f4me :<br \/>\n<a href=\"http:\/\/espacepourlavie.ca\/acces\/biodome\"><span class=\"s2\">http:\/\/espacepourlavie.ca\/acces\/biodome<\/span><\/a><\/span><\/li>\n<li class=\"p1\"><span class=\"s1\">Insectarium :<br \/>\n<a href=\"http:\/\/espacepourlavie.ca\/insectarium\"><span class=\"s2\">http:\/\/espacepourlavie.ca\/insectarium<\/span><\/a><\/span><\/li>\n<li class=\"p1\">Jardin Botanique :<br \/>\n<a href=\"http:\/\/espacepourlavie.ca\/jardin-botanique\"><span class=\"s4\">http:\/\/espacepourlavie.ca\/jardin-botanique<\/span><\/a><\/li>\n<li class=\"p1\">Plan\u00e9tarium :<br \/>\n<a href=\"http:\/\/espacepourlavie.ca\/planetarium?lang=fr\"><span class=\"s2\">http:\/\/espacepourlavie.ca\/planetarium?lang=fr<\/span><\/a><\/li>\n<li class=\"p1\">Parc Olympique :<br \/>\n<a href=\"http:\/\/parcolympique.qc.ca\/\"><span class=\"s2\">http:\/\/parcolympique.qc.ca<\/span><\/a><\/li>\n<li class=\"p1\">M\u00e9tro :<br \/>\n<a href=\"http:\/\/www.stm.info\/fr\/infos\/reseaux\/metro\"><span class=\"s2\">http:\/\/www.stm.info\/fr\/infos\/reseaux\/metro<\/span><\/a><\/li>\n<li class=\"p1\"><span class=\"s5\">Murales :<br \/>\n<span class=\"s6\"><a href=\"http:\/\/www.mtlblog.com\/2015\/06\/all-20-new-montreal-murals-on-saint-laurent-street\/\">http:\/\/www.mtlblog.com\/2015\/06\/all-20-new-montreal-murals-on-saint-laurent-street<\/a><\/span><\/span><\/li>\n<li class=\"p1\">Convertisseur de devises :<br \/>\n<a href=\"http:\/\/www.xe.com\/fr\/currencyconverter\/\"><span class=\"s4\">http:\/\/www.xe.com\/fr\/currencyconverter<\/span><\/a><\/li>\n<\/ul>\n<p class=\"p3\">\n<\/div>\n<\/div>\n<p><\/p>","protected":false},"excerpt":{"rendered":"<p>Montr\u00e9al en 2017 Sites d&rsquo;int\u00e9r\u00eat : Wikipedia : https:\/\/fr.wikipedia.org\/wiki\/Montr\u00e9al Tourisme Montr\u00e9al : http:\/\/www.tourisme-montreal.org Tourisme Qu\u00e9bec : http:\/\/www.tourisme.gouv.qc.ca Parc Jean-Drapeau : http:\/\/www.parcjeandrapeau.com Biod\u00f4me : http:\/\/espacepourlavie.ca\/acces\/biodome Insectarium : http:\/\/espacepourlavie.ca\/insectarium Jardin Botanique : http:\/\/espacepourlavie.ca\/jardin-botanique Plan\u00e9tarium : http:\/\/espacepourlavie.ca\/planetarium?lang=fr Parc Olympique : http:\/\/parcolympique.qc.ca M\u00e9tro : http:\/\/www.stm.info\/fr\/infos\/reseaux\/metro Murales : http:\/\/www.mtlblog.com\/2015\/06\/all-20-new-montreal-murals-on-saint-laurent-street Convertisseur de devises : http:\/\/www.xe.com\/fr\/currencyconverter<\/p>\n","protected":false},"author":1,"featured_media":0,"parent":0,"menu_order":0,"comment_status":"closed","ping_status":"closed","template":"template-no-sidebar.php","meta":[],"_links":{"self":[{"href":"https:\/\/avecunquebecois.com\/fr\/wp-json\/wp\/v2\/pages\/11"}],"collection":[{"href":"https:\/\/avecunquebecois.com\/fr\/wp-json\/wp\/v2\/pages"}],"about":[{"href":"https:\/\/avecunquebecois.com\/fr\/wp-json\/wp\/v2\/types\/page"}],"author":[{"embeddable":true,"href":"https:\/\/avecunquebecois.com\/fr\/wp-json\/wp\/v2\/users\/1"}],"replies":[{"embeddable":true,"href":"https:\/\/avecunquebecois.com\/fr\/wp-json\/wp\/v2\/comments?post=11"}],"version-history":[{"count":29,"href":"https:\/\/avecunquebecois.com\/fr\/wp-json\/wp\/v2\/pages\/11\/revisions"}],"predecessor-version":[{"id":661,"href":"https:\/\/avecunquebecois.com\/fr\/wp-json\/wp\/v2\/pages\/11\/revisions\/661"}],"wp:attachment":[{"href":"https:\/\/avecunquebecois.com\/fr\/wp-json\/wp\/v2\/media?parent=11"}],"curies":[{"name":"wp","href":"https:\/\/api.w.org\/{rel}","templated":true}]}}