{"id":2,"date":"2015-10-15T16:06:44","date_gmt":"2015-10-15T16:06:44","guid":{"rendered":"http:\/\/avecunquebecois.com\/?page_id=2"},"modified":"2023-03-13T21:47:36","modified_gmt":"2023-03-13T21:47:36","slug":"votre-guide","status":"publish","type":"page","link":"https:\/\/avecunquebecois.com\/fr\/votre-guide\/","title":{"rendered":"Votre accompagnatrice"},"content":{"rendered":"<p><\/p>\n<div class=\"row\">\n<div class=\"col-sm-4 col-md-6\">\n<div><a href=\"http:\/\/avecunquebecois.com\/wp-content\/uploads\/2018\/08\/sylvie-roy-2018.jpg\"><img loading=\"lazy\" class=\"margin-bottom-20 alignnone wp-image-54 size-large\" src=\"http:\/\/avecunquebecois.com\/wp-content\/uploads\/2018\/08\/sylvie-roy-2018.jpg\" alt=\"Votre guide\" width=\"1024\" height=\"683\" \/><\/a><\/div>\n<\/div>\n<div class=\"col-sm-8 col-md-6\">\n<h2><span style=\"vertical-align: inherit;\"><span style=\"vertical-align: inherit;\"><span style=\"vertical-align: inherit;\"><span style=\"vertical-align: inherit;\">En amour avec Montr\u00e9al<\/span><\/span><\/span><\/span><\/h2>\n<p><span style=\"vertical-align: inherit;\"><span style=\"vertical-align: inherit;\"><span style=\"vertical-align: inherit;\"><span style=\"vertical-align: inherit;\">Globetrotteure avertie, je vous offre une exp\u00e9rience authentique, un m\u00e9lange de rencontres, de visites, de produits du terroir dans une ambiance conviviale et ouverte.<\/span><\/span><\/span><\/span><\/p>\n<p><span style=\"vertical-align: inherit;\"><span style=\"vertical-align: inherit;\"><span style=\"vertical-align: inherit;\"><span style=\"vertical-align: inherit;\">Je propose deux balades \u00e0 pied dans le quartier pr\u00e9f\u00e9r\u00e9 des Fran\u00e7ais \u00e0 Montr\u00e9al, le Plateau Mont-Royal. <\/span><span style=\"vertical-align: inherit;\">Ces balades <\/span><\/span><\/span><span style=\"vertical-align: inherit;\"><span style=\"vertical-align: inherit;\"><span style=\"vertical-align: inherit;\">pr\u00e9sentent un parcours identique mais la balade d&rsquo;apr\u00e8s-midi est assortie d&rsquo;une d\u00e9gustation de produits qu\u00e9b\u00e9cois et de mets cuisin\u00e9s sp\u00e9cialement pour vous, dans ma maison victorienne de la rue Saint-Hubert.<\/span><\/span><\/span><\/span><\/p>\n<p><span style=\"vertical-align: inherit;\"><span style=\"vertical-align: inherit;\"><span style=\"vertical-align: inherit;\"><span style=\"vertical-align: inherit;\">Une troisi\u00e8me balade, la randonn\u00e9e sur le Mont-Royal, vous fait d\u00e9couvrir la montagne mythique des Montr\u00e9alais, reproduite toutes les saisons. <\/span><span style=\"vertical-align: inherit;\">Voyez la rubrique Activit\u00e9s pour la description et le tarif des balades.<\/span><\/span><\/span><\/span><\/p>\n<p><span style=\"vertical-align: inherit;\"><span style=\"vertical-align: inherit;\"><span style=\"vertical-align: inherit;\"><span style=\"vertical-align: inherit;\">Je parle couramment le fran\u00e7ais, l&rsquo;anglais et l&rsquo;espagnol. <\/span><\/span><\/span><span style=\"vertical-align: inherit;\"><span style=\"vertical-align: inherit;\"><span style=\"vertical-align: inherit;\">J&rsquo;ai fait carri\u00e8re dans une universit\u00e9 o\u00f9 j&rsquo;ai notamment \u00e9t\u00e9 responsable des stages \u00e9tudiants en tourisme, h\u00f4tellerie et restauration. <\/span><\/span><\/span><span style=\"vertical-align: inherit;\"><span style=\"vertical-align: inherit;\"><span style=\"vertical-align: inherit;\">Je suis \u00e9galement membre de la Soci\u00e9t\u00e9 d&rsquo;histoire du Plateau Mont-Royal.<\/span><\/span><\/span><\/span><\/p>\n<p><span style=\"vertical-align: inherit;\"><span style=\"vertical-align: inherit;\"><span style=\"vertical-align: inherit;\"><span style=\"vertical-align: inherit;\">Petite anecdote, en terminant. <\/span><span style=\"vertical-align: inherit;\">Lors d&rsquo;un voyage \u00e0 Barcelone en 2011, j&rsquo;aurais aim\u00e9 entrer dans une maison du quartier, apr\u00e8s une visite guid\u00e9e de la Sagrada Familia, afin de go\u00fbter des produits du terroir catalan et d&rsquo;admirer la d\u00e9coration d&rsquo;une maison, de pouvoir poser d&rsquo;autres questions \u00e0 mon guide, loin de la foule de touristes. <\/span><span style=\"vertical-align: inherit;\">Or vous vous en doutez, je n&rsquo;ai trouv\u00e9 personne qui puisse actualiser ce concept&#8230; C&rsquo;est donc \u00e0 ce moment pr\u00e9cis que j&rsquo;ai d\u00e9cid\u00e9 d&rsquo;inventer la formule \u00e0 Montr\u00e9al, et depuis ce temps, je n&rsquo;ai cess\u00e9 de rencontrer des gens curieux de d\u00e9couvrir notre belle m\u00e9tropole et le Qu\u00e9bec en entier !<\/span><\/span><\/span><\/span><\/p>\n<\/div>\n<\/div>\n<p><\/p>","protected":false},"excerpt":{"rendered":"<p>En amour avec Montr\u00e9al Globetrotteure avertie, je vous offre une exp\u00e9rience authentique, un m\u00e9lange de rencontres, de visites, de produits du terroir dans une ambiance conviviale et ouverte. Je propose deux balades \u00e0 pied dans le quartier pr\u00e9f\u00e9r\u00e9 des Fran\u00e7ais \u00e0 Montr\u00e9al, le Plateau Mont-Royal. Ces balades pr\u00e9sentent un parcours identique mais la balade d&rsquo;apr\u00e8s-midi &hellip; <a href=\"https:\/\/avecunquebecois.com\/fr\/votre-guide\/\">Continued<\/a><\/p>\n","protected":false},"author":1,"featured_media":0,"parent":0,"menu_order":0,"comment_status":"closed","ping_status":"closed","template":"template-votre-guide.php","meta":[],"_links":{"self":[{"href":"https:\/\/avecunquebecois.com\/fr\/wp-json\/wp\/v2\/pages\/2"}],"collection":[{"href":"https:\/\/avecunquebecois.com\/fr\/wp-json\/wp\/v2\/pages"}],"about":[{"href":"https:\/\/avecunquebecois.com\/fr\/wp-json\/wp\/v2\/types\/page"}],"author":[{"embeddable":true,"href":"https:\/\/avecunquebecois.com\/fr\/wp-json\/wp\/v2\/users\/1"}],"replies":[{"embeddable":true,"href":"https:\/\/avecunquebecois.com\/fr\/wp-json\/wp\/v2\/comments?post=2"}],"version-history":[{"count":49,"href":"https:\/\/avecunquebecois.com\/fr\/wp-json\/wp\/v2\/pages\/2\/revisions"}],"predecessor-version":[{"id":821,"href":"https:\/\/avecunquebecois.com\/fr\/wp-json\/wp\/v2\/pages\/2\/revisions\/821"}],"wp:attachment":[{"href":"https:\/\/avecunquebecois.com\/fr\/wp-json\/wp\/v2\/media?parent=2"}],"curies":[{"name":"wp","href":"https:\/\/api.w.org\/{rel}","templated":true}]}}