{"id":36,"date":"2015-10-16T03:59:00","date_gmt":"2015-10-16T03:59:00","guid":{"rendered":"http:\/\/avecunquebecois.com\/?page_id=36"},"modified":"2026-01-29T19:46:20","modified_gmt":"2026-01-29T19:46:20","slug":"balade-matinale","status":"publish","type":"page","link":"https:\/\/avecunquebecois.com\/fr\/balade-matinale\/","title":{"rendered":"Balade matinale sur le Plateau Mont-Royal"},"content":{"rendered":"<p><\/p>\n<div class=\"embed-responsive embed-responsive-16by9\" style=\"margin-bottom: 40px;\"><iframe class=\"embed-responsive-item\" src=\"https:\/\/www.youtube.com\/embed\/UwZztzTfq4M?rel=0&amp;showinfo=0\" width=\"300\" height=\"150\" frameborder=\"0\" allowfullscreen=\"allowfullscreen\"><span style=\"display: inline-block; width: 0px; overflow: hidden; line-height: 0;\" data-mce-type=\"bookmark\" class=\"mce_SELRES_start\">\ufeff<\/span><span style=\"display: inline-block; width: 0px; overflow: hidden; line-height: 0;\" data-mce-type=\"bookmark\" class=\"mce_SELRES_start\">\ufeff<\/span><\/iframe><\/div>\n<div class=\"row\">\n<div class=\"col-sm-6\">\n<div class=\"row\">\n<div class=\"col-sm-12 col-md-6\"><a href=\"http:\/\/avecunquebecois.com\/wp-content\/uploads\/2018\/08\/gite2018.jpg\"><img loading=\"lazy\" class=\"margin-bottom-20 alignnone size-large wp-image-498\" src=\"http:\/\/avecunquebecois.com\/wp-content\/uploads\/2018\/08\/gite2018.jpg\" alt=\"\" width=\"1024\" height=\"683\" \/><\/a><\/div>\n<div class=\"col-sm-12 col-md-6\"><a href=\"http:\/\/avecunquebecois.com\/wp-content\/uploads\/2018\/01\/hebergement-st-hubert.jpg\"><img loading=\"lazy\" class=\"margin-bottom-20 alignnone wp-image-80 size-large\" src=\"http:\/\/avecunquebecois.com\/wp-content\/uploads\/2018\/01\/hebergement-st-hubert.jpg\" alt=\"\" width=\"1024\" height=\"683\" \/><\/a><\/div>\n<\/div>\n<div class=\"row\">\n<div class=\"col-sm-12 col-md-6\"><a href=\"http:\/\/avecunquebecois.com\/wp-content\/uploads\/2018\/01\/balade_matinale-balade.jpg\"><img loading=\"lazy\" class=\"margin-bottom-20 alignnone size-large wp-image-498\" src=\"http:\/\/avecunquebecois.com\/wp-content\/uploads\/2018\/01\/balade_matinale-balade.jpg\" alt=\"\" width=\"1024\" height=\"683\" srcset=\"https:\/\/avecunquebecois.com\/wp-content\/uploads\/2018\/01\/balade_matinale-balade.jpg 1024w, https:\/\/avecunquebecois.com\/wp-content\/uploads\/2018\/01\/balade_matinale-balade-300x200.jpg 300w, https:\/\/avecunquebecois.com\/wp-content\/uploads\/2018\/01\/balade_matinale-balade-768x512.jpg 768w\" sizes=\"(max-width: 1024px) 100vw, 1024px\" \/><\/a><\/div>\n<div class=\"col-sm-12 col-md-6\"><a href=\"http:\/\/avecunquebecois.com\/wp-content\/uploads\/2018\/01\/balade_matinale-glaieuls.jpg\"><img loading=\"lazy\" class=\"margin-bottom-20 alignnone wp-image-80 size-large\" src=\"http:\/\/avecunquebecois.com\/wp-content\/uploads\/2018\/01\/balade_matinale-glaieuls.jpg\" alt=\"\" width=\"1024\" height=\"683\" \/><\/a><\/div>\n<\/div>\n<\/div>\n<div class=\"col-sm-6\">\n<h2>Balade matinale sur le Plateau<\/h2>\n<p>D\u00e9marrons la balade pour voir les commer\u00e7ants de Montr\u00e9al amorcer leur journ\u00e9e et allons \u00e0 la rencontre de mes interlocuteurs pr\u00e9f\u00e9r\u00e9s rues St-Denis et Duluth. Auparavant, parcourons la rue Cherrier et le Square Saint-Louis, avec leurs magnifiques maisons victoriennes color\u00e9es, sans oublier la rue Laval, l&rsquo;une des plus belles rues de Montr\u00e9al qui a h\u00e9berg\u00e9 tant d&rsquo;artistes d&rsquo;hier et d&rsquo;aujourd&rsquo;hui. Nous terminons notre balade par le boulevard Saint-Laurent, le coeur de la ville avec ses commer\u00e7ants d&rsquo;Europe de l&rsquo;Est, ainsi qu&rsquo;en parcourant les rues Duluth et Saint-Denis, qui h\u00e9bergent d&rsquo;int\u00e9ressantes petites boutiques. Retour par la rue Saint-Denis, jusqu&rsquo;au m\u00e9tro Sherbrooke.<\/p>\n<p>P.S. Aucun repas n&rsquo;est compris dans la balade matinale sur le Plateau.<\/p>\n<p>&nbsp;<\/p>\n<table class=\"reservations\">\n<thead>\n<tr>\n<th>Tarifs 2026, taxes incl.<\/p>\n<p>De 10 h \u00e0 13 h<\/p>\n<p>Min. 2 pers. Max. 8<\/th>\n<\/tr>\n<\/thead>\n<tbody>\n<tr>\n<td>132 $ adulte<\/td>\n<\/tr>\n<tr>\n<td>85 $ enfant &#8211; 12 ans et moins<\/td>\n<\/tr>\n<tr>\n<td>En fran\u00e7ais ou en anglais<\/td>\n<\/tr>\n<tr>\n<td>R\u00e9servation requise 48 h \u00e0 l\u2019avance<\/td>\n<\/tr>\n<tr>\n<td><a class=\"btn\" href=\"mailto:sylvie@avecunquebecois.com\">R\u00e9server<\/a><\/td>\n<\/tr>\n<\/tbody>\n<\/table>\n<\/div>\n<\/div>\n<p><\/p>","protected":false},"excerpt":{"rendered":"<p>\ufeff\ufeff Balade matinale sur le Plateau D\u00e9marrons la balade pour voir les commer\u00e7ants de Montr\u00e9al amorcer leur journ\u00e9e et allons \u00e0 la rencontre de mes interlocuteurs pr\u00e9f\u00e9r\u00e9s rues St-Denis et Duluth. Auparavant, parcourons la rue Cherrier et le Square Saint-Louis, avec leurs magnifiques maisons victoriennes color\u00e9es, sans oublier la rue Laval, l&rsquo;une des plus belles &hellip; <a href=\"https:\/\/avecunquebecois.com\/fr\/balade-matinale\/\">Continued<\/a><\/p>\n","protected":false},"author":1,"featured_media":0,"parent":0,"menu_order":0,"comment_status":"closed","ping_status":"closed","template":"template-no-sidebar.php","meta":[],"_links":{"self":[{"href":"https:\/\/avecunquebecois.com\/fr\/wp-json\/wp\/v2\/pages\/36"}],"collection":[{"href":"https:\/\/avecunquebecois.com\/fr\/wp-json\/wp\/v2\/pages"}],"about":[{"href":"https:\/\/avecunquebecois.com\/fr\/wp-json\/wp\/v2\/types\/page"}],"author":[{"embeddable":true,"href":"https:\/\/avecunquebecois.com\/fr\/wp-json\/wp\/v2\/users\/1"}],"replies":[{"embeddable":true,"href":"https:\/\/avecunquebecois.com\/fr\/wp-json\/wp\/v2\/comments?post=36"}],"version-history":[{"count":93,"href":"https:\/\/avecunquebecois.com\/fr\/wp-json\/wp\/v2\/pages\/36\/revisions"}],"predecessor-version":[{"id":848,"href":"https:\/\/avecunquebecois.com\/fr\/wp-json\/wp\/v2\/pages\/36\/revisions\/848"}],"wp:attachment":[{"href":"https:\/\/avecunquebecois.com\/fr\/wp-json\/wp\/v2\/media?parent=36"}],"curies":[{"name":"wp","href":"https:\/\/api.w.org\/{rel}","templated":true}]}}