{"id":488,"date":"2018-01-08T17:00:39","date_gmt":"2018-01-08T17:00:39","guid":{"rendered":"http:\/\/avecunquebecois.com\/fr\/?page_id=488"},"modified":"2026-01-29T20:01:42","modified_gmt":"2026-01-29T20:01:42","slug":"balade-d-apres-midi","status":"publish","type":"page","link":"https:\/\/avecunquebecois.com\/fr\/balade-d-apres-midi\/","title":{"rendered":"Balade d&rsquo;apr\u00e8s-midi sur le Plateau, avec go\u00fbter qu\u00e9b\u00e9cois"},"content":{"rendered":"<p><\/p>\n<div class=\"embed-responsive embed-responsive-16by9\" style=\"margin-bottom: 40px;\"><iframe class=\"embed-responsive-item\" src=\"https:\/\/www.youtube.com\/embed\/UwZztzTfq4M?rel=0&amp;showinfo=0\" width=\"300\" height=\"150\" frameborder=\"0\" allowfullscreen=\"allowfullscreen\"><span style=\"display: inline-block; width: 0px; overflow: hidden; line-height: 0;\" data-mce-type=\"bookmark\" class=\"mce_SELRES_start\">\ufeff<\/span><\/iframe><\/div>\n<div class=\"row\">\n<div class=\"col-sm-6\">\n<div class=\"row\">\n<div class=\"col-sm-12\"><a href=\"http:\/\/avecunquebecois.com\/wp-content\/uploads\/2018\/01\/balade-fritata.jpg\"><br \/>\n<img loading=\"lazy\" class=\"margin-bottom-20 alignnone size-large wp-image-496\" src=\"http:\/\/avecunquebecois.com\/wp-content\/uploads\/2018\/01\/balade-fritata.jpg\" alt=\"\" width=\"1024\" height=\"683\" srcset=\"https:\/\/avecunquebecois.com\/wp-content\/uploads\/2018\/01\/balade-fritata.jpg 1024w, https:\/\/avecunquebecois.com\/wp-content\/uploads\/2018\/01\/balade-fritata-300x200.jpg 300w, https:\/\/avecunquebecois.com\/wp-content\/uploads\/2018\/01\/balade-fritata-768x512.jpg 768w\" sizes=\"(max-width: 1024px) 100vw, 1024px\" \/><br \/>\n<\/a><\/div>\n<\/div>\n<div class=\"row\">\n<div class=\"col-sm-12 col-md-6\"><a href=\"http:\/\/avecunquebecois.com\/wp-content\/uploads\/2018\/01\/murale-nature.jpg\"><img loading=\"lazy\" class=\"margin-bottom-20 alignnone wp-image-79 size-large\" src=\"http:\/\/avecunquebecois.com\/wp-content\/uploads\/2018\/01\/murale-nature.jpg\" alt=\"Fruiterie 1\" width=\"1024\" height=\"683\" \/><\/a><\/div>\n<div class=\"col-sm-12 col-md-6\"><a href=\"http:\/\/avecunquebecois.com\/wp-content\/uploads\/2018\/01\/murale-duluth.jpg\"><img loading=\"lazy\" class=\"margin-bottom-20 alignnone size-large wp-image-505\" src=\"http:\/\/avecunquebecois.com\/wp-content\/uploads\/2018\/01\/murale-duluth.jpg\" alt=\"\" width=\"1024\" height=\"683\" \/><\/a><\/div>\n<\/div>\n<div class=\"row\">\n<div class=\"col-sm-12 col-md-6\"><a href=\"http:\/\/avecunquebecois.com\/wp-content\/uploads\/2018\/01\/murale-leonard_cohen.jpg\"><img loading=\"lazy\" class=\"margin-bottom-20 alignnone size-large wp-image-519\" src=\"http:\/\/avecunquebecois.com\/wp-content\/uploads\/2018\/01\/murale-leonard_cohen.jpg\" alt=\"\" width=\"1024\" height=\"683\" \/><\/a><\/div>\n<div class=\"col-sm-12 col-md-6\"><a href=\"http:\/\/avecunquebecois.com\/wp-content\/uploads\/2018\/01\/flaneries-carre_st_louis.jpg\"><img loading=\"lazy\" class=\"margin-bottom-20 wp-image-139 size-full alignnone\" src=\"http:\/\/avecunquebecois.com\/wp-content\/uploads\/2018\/01\/flaneries-carre_st_louis.jpg\" alt=\"Carr\u00e9 St-Louis\" width=\"700\" height=\"394\" \/><\/a><\/div>\n<\/div>\n<\/div>\n<div class=\"col-sm-6\">\n<h2>Savourez un go\u00fbter qu\u00e9b\u00e9cois avec votre guide, dans une splendide maison victorienne du Plateau et d\u00e9couvrez ensuite ce quartier<\/h2>\n<p>Commencez l&rsquo;apr\u00e8s-midi par un go\u00fbter qu\u00e9b\u00e9cois en compagnie de votre guide, dans une maison centenaire de la rue St-Hubert. Vous serez en bonne compagnie pour d\u00e9couvrir une bi\u00e8re ou un vin qu\u00e9b\u00e9cois, ainsi que quelques fromages du terroir, salades et dessert. S&rsquo;il fait beau, le go\u00fbter pourrait \u00eatre servi au jardin.<\/p>\n<p>Suivra la balade sur le Plateau, dont le parcours est identique \u00e0 la balade matinale. Commen\u00e7ons par la rue Cherrier et le Square Saint-Louis, avec leurs magnifiques maisons victoriennes color\u00e9es, sans oublier la rue Laval, l&rsquo;une des plus belles rues de Montr\u00e9al qui a h\u00e9berg\u00e9 tant d&rsquo;artistes d&rsquo;hier et d&rsquo;aujourd&rsquo;hui. Nous terminons notre balade par la rue Prince-Arthur et le boulevard Saint-Laurent, grouillant et multi-ethnique, le coeur de la ville avec ses murales et ses commer\u00e7ants venus d&rsquo;Europe de l&rsquo;Est. La rue Duluth,\u00a0 \u00e0 la toute fin de la balade, h\u00e9berge mes boutiques pr\u00e9f\u00e9r\u00e9es. Retour par la rue St-Denis, jusqu&rsquo;au m\u00e9tro Sherbrooke.<\/p>\n<p>&nbsp;<\/p>\n<table class=\"reservations\">\n<thead>\n<tr>\n<th>Tarifs 2026, taxes incl.<\/p>\n<p>De 13 h \u00a0\u00e0 17 h<\/p>\n<p>Minimum 2 pers. Maximum 8<\/th>\n<\/tr>\n<\/thead>\n<tbody>\n<tr>\n<td>200 $ adulte, incluant go\u00fbter<\/td>\n<\/tr>\n<tr>\n<td>150 $\u00a0 12 ans et &#8211;<\/td>\n<\/tr>\n<tr>\n<td>R\u00e9servation requise 48 h \u00e0 l\u2019avance<\/td>\n<\/tr>\n<tr>\n<td><\/td>\n<\/tr>\n<tr>\n<td><a class=\"btn\" href=\"mailto:sylvie@avecunquebecois.com\">R\u00e9server<\/a><\/td>\n<\/tr>\n<\/tbody>\n<\/table>\n<\/div>\n<\/div>\n<p><\/p>","protected":false},"excerpt":{"rendered":"<p>\ufeff Savourez un go\u00fbter qu\u00e9b\u00e9cois avec votre guide, dans une splendide maison victorienne du Plateau et d\u00e9couvrez ensuite ce quartier Commencez l&rsquo;apr\u00e8s-midi par un go\u00fbter qu\u00e9b\u00e9cois en compagnie de votre guide, dans une maison centenaire de la rue St-Hubert. Vous serez en bonne compagnie pour d\u00e9couvrir une bi\u00e8re ou un vin qu\u00e9b\u00e9cois, ainsi que quelques &hellip; <a href=\"https:\/\/avecunquebecois.com\/fr\/balade-d-apres-midi\/\">Continued<\/a><\/p>\n","protected":false},"author":1,"featured_media":0,"parent":0,"menu_order":0,"comment_status":"closed","ping_status":"closed","template":"template-no-sidebar.php","meta":[],"_links":{"self":[{"href":"https:\/\/avecunquebecois.com\/fr\/wp-json\/wp\/v2\/pages\/488"}],"collection":[{"href":"https:\/\/avecunquebecois.com\/fr\/wp-json\/wp\/v2\/pages"}],"about":[{"href":"https:\/\/avecunquebecois.com\/fr\/wp-json\/wp\/v2\/types\/page"}],"author":[{"embeddable":true,"href":"https:\/\/avecunquebecois.com\/fr\/wp-json\/wp\/v2\/users\/1"}],"replies":[{"embeddable":true,"href":"https:\/\/avecunquebecois.com\/fr\/wp-json\/wp\/v2\/comments?post=488"}],"version-history":[{"count":59,"href":"https:\/\/avecunquebecois.com\/fr\/wp-json\/wp\/v2\/pages\/488\/revisions"}],"predecessor-version":[{"id":852,"href":"https:\/\/avecunquebecois.com\/fr\/wp-json\/wp\/v2\/pages\/488\/revisions\/852"}],"wp:attachment":[{"href":"https:\/\/avecunquebecois.com\/fr\/wp-json\/wp\/v2\/media?parent=488"}],"curies":[{"name":"wp","href":"https:\/\/api.w.org\/{rel}","templated":true}]}}