{"id":492,"date":"2018-01-08T17:06:41","date_gmt":"2018-01-08T17:06:41","guid":{"rendered":"http:\/\/avecunquebecois.com\/fr\/?page_id=492"},"modified":"2026-01-29T20:08:16","modified_gmt":"2026-01-29T20:08:16","slug":"randonnee-sur-le-mont-royal","status":"publish","type":"page","link":"https:\/\/avecunquebecois.com\/fr\/randonnee-sur-le-mont-royal\/","title":{"rendered":"Randonn\u00e9e sur le Mont-Royal"},"content":{"rendered":"<p><\/p>\n<div class=\"row\">\n<div class=\"col-sm-6\">\n<div class=\"row\">\n<div class=\"col-sm-12 col-md-6\"><a href=\"http:\/\/avecunquebecois.com\/wp-content\/uploads\/2018\/01\/randonnee-arbres.jpg\"><img loading=\"lazy\" class=\"aligncenter wp-image-510 size-full\" src=\"http:\/\/avecunquebecois.com\/wp-content\/uploads\/2018\/01\/randonnee-arbres.jpg\" alt=\"\" width=\"960\" height=\"1280\" \/><\/a><\/div>\n<div class=\"col-sm-12 col-md-6\"><a href=\"http:\/\/avecunquebecois.com\/wp-content\/uploads\/2018\/01\/randonnee-mont_royal.jpg\"><img loading=\"lazy\" class=\"aligncenter wp-image-511 size-full\" src=\"http:\/\/avecunquebecois.com\/wp-content\/uploads\/2018\/01\/randonnee-mont_royal.jpg\" alt=\"\" width=\"960\" height=\"1280\" \/><\/a><\/div>\n<\/div>\n<\/div>\n<div class=\"col-sm-6\">\n<h2>Parcourez la montagne mythique des Montr\u00e9alais !<\/h2>\n<p>Rejoignez-moi au coin de l\u2019avenue du Parc et de l\u2019avenue du Mont-Royal. Vous d\u00e9couvrirez avec moi la beaut\u00e9 paisible de ce site patrimonial, am\u00e9nag\u00e9 en 1976 par Frederick Law Olmstead, ce m\u00eame paysagiste qui a con\u00e7u le c\u00e9l\u00e8bre Central Park de New York. Arr\u00eat au B\u00e9lv\u00e9d\u00e8re Kondiaronk, qui domine toute la ville, en face au Chalet.\u00a0 Autre arr\u00eat \u00e0 la Croix du Mont-Royal, pour en d\u00e9couvrir l\u2019histoire. Si le temps le permet et si vous le souhaitez, nous ferons un autre arr\u00eat au magnifique Lac-aux-Castors, Au cours de cette promenade, je vous raconterai l\u2019histoire de ce parc fr\u00e9quent\u00e9 en \u00e9t\u00e9 comme en hiver, et qui est au coeur de l\u2019ADN des Montr\u00e9alais. Je pourrai r\u00e9pondre \u00e0 toute question que vous pourriez avoir sur ce parc, la ville de Montr\u00e9al ou le Qu\u00e9bec en g\u00e9n\u00e9ral. Retour au point de d\u00e9part.<\/p>\n<p>&nbsp;<\/p>\n<table class=\"reservations\">\n<thead>\n<tr>\n<th>Tarifs 2026 taxes incl.<\/p>\n<p>De 10 h \u00e0 13 h<\/p>\n<p>Minimum 2 pers. Maximum 8<\/th>\n<\/tr>\n<\/thead>\n<tbody>\n<tr>\n<td>132 $ \/ pers.<\/td>\n<\/tr>\n<tr>\n<td>85 $ enfant 12 ans et \u2013<\/td>\n<\/tr>\n<tr>\n<td>R\u00e9servation requise 48 h \u00e0 l\u2019avance<\/td>\n<\/tr>\n<tr>\n<td><\/td>\n<\/tr>\n<tr>\n<td><a class=\"btn\" href=\"mailto:sylvie@avecunquebecois.com\">R\u00e9server<\/a><\/td>\n<\/tr>\n<\/tbody>\n<\/table>\n<\/div>\n<\/div>\n<p><\/p>","protected":false},"excerpt":{"rendered":"<p>Parcourez la montagne mythique des Montr\u00e9alais ! Rejoignez-moi au coin de l\u2019avenue du Parc et de l\u2019avenue du Mont-Royal. Vous d\u00e9couvrirez avec moi la beaut\u00e9 paisible de ce site patrimonial, am\u00e9nag\u00e9 en 1976 par Frederick Law Olmstead, ce m\u00eame paysagiste qui a con\u00e7u le c\u00e9l\u00e8bre Central Park de New York. Arr\u00eat au B\u00e9lv\u00e9d\u00e8re Kondiaronk, qui &hellip; <a href=\"https:\/\/avecunquebecois.com\/fr\/randonnee-sur-le-mont-royal\/\">Continued<\/a><\/p>\n","protected":false},"author":1,"featured_media":0,"parent":0,"menu_order":0,"comment_status":"closed","ping_status":"closed","template":"template-no-sidebar.php","meta":[],"_links":{"self":[{"href":"https:\/\/avecunquebecois.com\/fr\/wp-json\/wp\/v2\/pages\/492"}],"collection":[{"href":"https:\/\/avecunquebecois.com\/fr\/wp-json\/wp\/v2\/pages"}],"about":[{"href":"https:\/\/avecunquebecois.com\/fr\/wp-json\/wp\/v2\/types\/page"}],"author":[{"embeddable":true,"href":"https:\/\/avecunquebecois.com\/fr\/wp-json\/wp\/v2\/users\/1"}],"replies":[{"embeddable":true,"href":"https:\/\/avecunquebecois.com\/fr\/wp-json\/wp\/v2\/comments?post=492"}],"version-history":[{"count":35,"href":"https:\/\/avecunquebecois.com\/fr\/wp-json\/wp\/v2\/pages\/492\/revisions"}],"predecessor-version":[{"id":855,"href":"https:\/\/avecunquebecois.com\/fr\/wp-json\/wp\/v2\/pages\/492\/revisions\/855"}],"wp:attachment":[{"href":"https:\/\/avecunquebecois.com\/fr\/wp-json\/wp\/v2\/media?parent=492"}],"curies":[{"name":"wp","href":"https:\/\/api.w.org\/{rel}","templated":true}]}}