{"id":7,"date":"2015-01-15T16:16:12","date_gmt":"2015-01-15T16:16:12","guid":{"rendered":"http:\/\/avecunquebecois.com\/?page_id=7"},"modified":"2026-01-29T20:16:47","modified_gmt":"2026-01-29T20:16:47","slug":"hebergement","status":"publish","type":"page","link":"https:\/\/avecunquebecois.com\/fr\/hebergement\/","title":{"rendered":"Maison centenaire"},"content":{"rendered":"<p><\/p>\n<div class=\"embed-responsive embed-responsive-16by9\" style=\"margin-bottom: 40px;\"><iframe class=\"embed-responsive-item\" src=\"https:\/\/www.youtube.com\/embed\/7pn9JiE0gOc?rel=0&amp;showinfo=0\" width=\"300\" height=\"150\" frameborder=\"0\" allowfullscreen=\"allowfullscreen\"><span style=\"display: inline-block; width: 0px; overflow: hidden; line-height: 0;\" data-mce-type=\"bookmark\" class=\"mce_SELRES_start\">\ufeff<\/span><\/iframe><\/div>\n<div class=\"row\">\n<div class=\"col-sm-6\">\n<div class=\"row\">\n<div class=\"col-sm-6 col-md-12\"><a class=\"picture-block\" href=\"http:\/\/avecunquebecois.com\/wp-content\/uploads\/2018\/08\/gite2018.jpg\"><img loading=\"lazy\" class=\"margin-bottom-20 alignnone wp-image-523 size-large\" src=\"http:\/\/avecunquebecois.com\/wp-content\/uploads\/2018\/08\/gite2018.jpg\" alt=\"G\u00eete\" width=\"1024\" height=\"683\" \/><\/a><\/div>\n<div class=\"col-sm-6 col-md-12\"><a class=\"picture-block\" href=\"http:\/\/avecunquebecois.com\/wp-content\/uploads\/2018\/01\/hebergement-st-hubert.jpg\"><img loading=\"lazy\" class=\"margin-bottom-20 alignnone size-large wp-image-81\" src=\"http:\/\/avecunquebecois.com\/wp-content\/uploads\/2018\/01\/hebergement-st-hubert.jpg\" alt=\"\" width=\"4896\" height=\"3264\" \/><\/a><\/div>\n<\/div>\n<\/div>\n<div class=\"col-sm-6\">\n<h2>\u00a0Au c\u0153ur du Plateau Mont-Royal<\/h2>\n<div id=\"fileContent\" class=\"alignright\" style=\"margin: 20px;\"><a title=\"Petit Fut\u00e9\" href=\"https:\/\/www.petitfute.com\"><img src=\"https:\/\/www.petitfute.com\/img\/widget\/logo.jpg\" alt=\"Petit Fut\u00e9\" width=\"100\" border=\"0\" \/><\/a><\/div>\n<p><script language=\"javascript\" type=\"text\/javascript\" src=\"https:\/\/pro.petitfute.com\/compte\/widget\/petitfute\/51048\/\"><span style=\"display: inline-block; width: 0px; overflow: hidden; line-height: 0;\" data-mce-type=\"bookmark\" class=\"mce_SELRES_start\">\ufeff<\/span><\/script><\/p>\n<p><span style=\"font-size: large;\">Pour la petite histoire de cette maison, je l\u2019ai achet\u00e9e en 1985 de l\u2019architecte Claude Provencher, qui l\u2018avait r\u00e9nov\u00e9e peu de temps avant. J\u2019ai eu un vrai coup de foudre pour ce duplex de belle allure, rue St-Hubert, \u00e0 port\u00e9e de marche de l\u2019universit\u00e9 o\u00f9 je travaillais, tout pr\u00e8s aussi du Parc Lafontaine et de la Biblioth\u00e8que de Montr\u00e9al. <\/span><\/p>\n<p><span style=\"font-size: large;\">Mon copropri\u00e9taire et moi en avons pris grand soin, et je l\u2019aime toujours autant aujourd\u2019hui. J\u2019y ai re\u00e7u des complices des Salons de Sylvie pendant plusieurs ann\u00e9es, pour des activit\u00e9s de r\u00e9seautage. J\u2019y ai aussi am\u00e9nag\u00e9 un g\u00eete touristique de 2016 \u00e0 2022, au grand bonheur de clients europ\u00e9ens \u00e0 qui j\u2019ai pu faire d\u00e9couvrir Montr\u00e9al. <strong>Notez que le g\u00eete est maintenant ferm\u00e9.<\/strong><\/span><\/p>\n<p><span style=\"font-size: large;\">Aujourd\u2019hui, j\u2019organise des tours guid\u00e9s \u00e0 pied sur le Plateau et sur le Mont-Royal, et les clients qui optent pour le lunch inclus avec la balade de l\u2019apr\u00e8s-midi sont \u00e0 m\u00eame de constater la beaut\u00e9 des lieux.<\/span><\/p>\n<p>&nbsp;<\/p>\n<\/div>\n<\/div>\n<p><\/p>","protected":false},"excerpt":{"rendered":"<p>\ufeff \u00a0Au c\u0153ur du Plateau Mont-Royal Pour la petite histoire de cette maison, je l\u2019ai achet\u00e9e en 1985 de l\u2019architecte Claude Provencher, qui l\u2018avait r\u00e9nov\u00e9e peu de temps avant. J\u2019ai eu un vrai coup de foudre pour ce duplex de belle allure, rue St-Hubert, \u00e0 port\u00e9e de marche de l\u2019universit\u00e9 o\u00f9 je travaillais, tout pr\u00e8s &hellip; <a href=\"https:\/\/avecunquebecois.com\/fr\/hebergement\/\">Continued<\/a><\/p>\n","protected":false},"author":1,"featured_media":0,"parent":0,"menu_order":0,"comment_status":"closed","ping_status":"closed","template":"template-no-sidebar.php","meta":[],"_links":{"self":[{"href":"https:\/\/avecunquebecois.com\/fr\/wp-json\/wp\/v2\/pages\/7"}],"collection":[{"href":"https:\/\/avecunquebecois.com\/fr\/wp-json\/wp\/v2\/pages"}],"about":[{"href":"https:\/\/avecunquebecois.com\/fr\/wp-json\/wp\/v2\/types\/page"}],"author":[{"embeddable":true,"href":"https:\/\/avecunquebecois.com\/fr\/wp-json\/wp\/v2\/users\/1"}],"replies":[{"embeddable":true,"href":"https:\/\/avecunquebecois.com\/fr\/wp-json\/wp\/v2\/comments?post=7"}],"version-history":[{"count":153,"href":"https:\/\/avecunquebecois.com\/fr\/wp-json\/wp\/v2\/pages\/7\/revisions"}],"predecessor-version":[{"id":858,"href":"https:\/\/avecunquebecois.com\/fr\/wp-json\/wp\/v2\/pages\/7\/revisions\/858"}],"wp:attachment":[{"href":"https:\/\/avecunquebecois.com\/fr\/wp-json\/wp\/v2\/media?parent=7"}],"curies":[{"name":"wp","href":"https:\/\/api.w.org\/{rel}","templated":true}]}}