{"id":9,"date":"2015-10-15T16:16:27","date_gmt":"2015-10-15T16:16:27","guid":{"rendered":"http:\/\/avecunquebecois.com\/?page_id=9"},"modified":"2025-01-12T20:25:53","modified_gmt":"2025-01-12T20:25:53","slug":"temoignages","status":"publish","type":"page","link":"https:\/\/avecunquebecois.com\/fr\/temoignages\/","title":{"rendered":"T\u00e9moignages"},"content":{"rendered":"<p><\/p>\n<ul>\n<li><strong>\u00c0 propos des balades de quartier :\u00a0<\/strong><\/li>\n<\/ul>\n<p><em>Sylvie, depuis que nous sommes rentr\u00e9s en France, j&rsquo;ai souvent pens\u00e9 \u00e0 vous, \u00e0 notre rencontre, votre accueil si exceptionel, votre bonne humeur et vos explications fort int\u00e9ressantes. Jean et moi avons ador\u00e9 ce moment de partage si amical.<\/em><\/p>\n<p>Marie et Jean C.,<\/p>\n<p>Paris<\/p>\n<p>Octobre 2024<\/p>\n<div class=\"elementToProof\"><em>Notre agence, Le cercle des voyageurs, nous avait organis\u00e9 une visite de Montr\u00e9al \u00ab\u00a0AvecUnQu\u00e9b\u00e9cois\u00a0\u00bb, en l&rsquo;occurrence une Qu\u00e9b\u00e9coise, Sylvie Roy et c&rsquo;\u00e9tait une excellente id\u00e9e. D&rsquo;abord Sylvie nous a re\u00e7us chez elle pour un d\u00e9licieux d\u00e9jeuner constitu\u00e9 des sp\u00e9cialit\u00e9s qu\u00e9b\u00e9coises. Un moment d&rsquo;\u00e9changes tr\u00e8s convivial et vraiment int\u00e9ressant.\u00a0<\/em><\/div>\n<div class=\"elementToProof\"><em>Puis nous sommes partis visiter le quartier du plateau en compagnie de notre guide. 3 heures de d\u00e9couvertes, agr\u00e9ment\u00e9es d&rsquo;explications architecturales, historiques, sociologiques passionnantes. Nous recommandons tr\u00e8s, tr\u00e8s chaleureusement cette visite.<\/em><\/div>\n<div><\/div>\n<div>Thierry et Elisabeth R.<\/div>\n<div>Paris<\/div>\n<div>Octobre 2024<\/div>\n<div><\/div>\n<p><em>Sylvie, stay the way you are and you are very welcome to visit us in Germany &#8211; Hanover<\/em><\/p>\n<p>&#8211; Philina, Nicola, Am\u00e9lie and Thomas<\/p>\n<p>Allemagne<\/p>\n<p>Ao\u00fbt 2022<\/p>\n<p><em>Sylvie, tu fais partie de ces rencontres qui laissent une trace ind\u00e9l\u00e9bile dans une vie. Qu&rsquo;il est r\u00e9confortant dans ce monde pas toujours bienveillant de rencontrer des personnes avec autant d&rsquo;humanit\u00e9 que la tienne. Ton pays et ses habitants ne cessent de nous surprendre agr\u00e9ablement.<\/em><\/p>\n<p>&#8211; Sylvie et David B.<\/p>\n<p>Paris<\/p>\n<p>Juillet 2022<\/p>\n<p><em>Quelle belle rencontre! Sylvie est une personne tellement accueillante et chaleureuse. Ses paroles sont un d\u00e9lice de connaissances. Un grand merci \u00e0 toi et \u00e0 Steve pour vos conseils \u00e9clair\u00e9s qui nous ont permis de d\u00e9couvrir Montr\u00e9al de la plus belle des fa\u00e7ons !<\/em><\/p>\n<p>&#8211; Keltoum et Silv\u00e8re<\/p>\n<p>Arras, France<\/p>\n<p>Juin 2022<\/p>\n<p><em>Nous avons pass\u00e9 un moment intense, notre premi\u00e8re rencontre avec une Qu\u00e9b\u00e9coise qui a vraiment le sens du partage. Merci Sylvie pour tout ce que tu nous as apport\u00e9. \u00c0 bient\u00f4t car nous reviendrons, c&rsquo;est s\u00fbr !<\/em><\/p>\n<p>&#8211; Isa et Dominique, France<\/p>\n<p>Sept. 2021<\/p>\n<p><em>Une St-Valentin que je n&rsquo;oublierai pas de sit\u00f4t. Maintenant que nous savons que tu existes, nous nous reverrons s\u00fbrement.<\/em><\/p>\n<p>&#8211; Teddy, Micheline, Ratka, Rosy<\/p>\n<p>Lausanne, Suisse<\/p>\n<p>F\u00e9vrier 2020<\/p>\n<p><em>Merci pour ces belles d\u00e9couvertes, ces d\u00e9gustations et cette \u00e9nergie&#8230; quel accueil sympathique<\/em><\/p>\n<p>&#8211; Marie-H\u00e9l\u00e8ne, Clara, Christine<\/p>\n<p>Toulouse, 2020<\/p>\n<p><em>Bonjour Sylvie,<\/em><\/p>\n<p><em>Un petit coucou de notre Champagne. Nous avons pass\u00e9 un excellent s\u00e9jour (plein les yeux) dans 2 villes totalement diff\u00e9rentes mais magnifiques. Encore merci pour le moment que nous avons partag\u00e9 avec toi.<\/em><\/p>\n<p>&#8211; Claudine et \u00c9ric M.<br \/>\nFrance<br \/>\nNov. 2017<\/p>\n<p><em>Bonjour Sylvie,<\/em><\/p>\n<p><em>Non je n&rsquo;ai pas oubli\u00e9 cette rencontre qui me fait encore chaud au coeur. Nous avons pass\u00e9 un moment inoubliable et aujourd&rsquo;hui je regarde mes photos avec un peu de nostalgie. Bienvenue \u00e0 toi quand tu veux, \u00e0 Saint-Malo ou \u00e0 Paris. J&rsquo;esp\u00e8re que nous aurons l&rsquo;occasion de nous revoir.<\/em><\/p>\n<p>&#8211; Fran\u00e7oise et Jean Loup B.<br \/>\nLa Gouesni\u00e8re, Bretagne<br \/>\nOct. 2017<\/p>\n<p><em>Bonjour Sylvie,<\/em><\/p>\n<p><em>Cela fait d\u00e9j\u00e0 quelques semaines que nous sommes rentr\u00e9s en Normandie avec des souvenirs plein la t\u00eate, des souvenirs de beaux paysages mais aussi de belles rencontres humaines et chaleureuses comme la n\u00f4tre. Apr\u00e8s la fin de notre balade au Parc Lafontaine, nous nous sommes rendus au Mus\u00e9e des beaux-arts afin de visiter, sur vos conseils, l&rsquo;exposition REVOLUTION : superbe, vraiment superbe. Apr\u00e8s nous sommes partis gravir le Mont-Royal jusqu&rsquo;au chalet : difficiles les marches mais quelle vue formidable sur la ville. Nous sommes redescendus de nuit jusqu&rsquo;au restaurant La Banquise, que vous nous aviez conseill\u00e9, afin de \u00abd\u00e9vorer\u00bb la fameuse poutine qu\u00e9b\u00e9coise et quelle ambiance dans le restaurant.<\/em><\/p>\n<p><em>Enfin voil\u00e0 nous nous envolons vers Paris avec l&rsquo;impatience de retrouver nos enfants mais aussi avec un peu de tristesse de quitter le Canada et les Canadiens. Guylaine se joint \u00e0 moi pour vous embrasser et j&rsquo;esp\u00e8re vous revoir bient\u00f4t si vous voulez visiter un jour la Normandie.<\/em><\/p>\n<p>&#8211; Guylaine et Laurent L.<br \/>\nOct. 2017<\/p>\n<p><em>Ch\u00e8re Sylvie,<\/em><\/p>\n<p><em>Je vous \u00e9cris aujourd&rsquo;hui pour vous remercier du temps que vous m&rsquo;avez consacr\u00e9 lors de cette matin\u00e9e et de la superbe visite guid\u00e9e que vous nous avez offerte. J&rsquo;ai beaucoup aim\u00e9 marcher dans le Plateau et vous \u00e9couter en raconter son histoire tant pass\u00e9e qu&rsquo;actuelle. Vous \u00eates tellement dynamique, ouverte aux autres, sympathique, c&rsquo;\u00e9tait un plaisir de vous rencontrer.<\/em><\/p>\n<p><em>Je garderai un tr\u00e8s bon souvenir de ce voyage au Canada, au Qu\u00e9bec et vous dis \u00e0 bient\u00f4t, peut-\u00eatre !<\/em><\/p>\n<p>&#8211; Marie W.,<br \/>\nToulouse<br \/>\nSept. 2017<\/p>\n<p><em>Bonjour Sylvie,<\/em><\/p>\n<p><em>Notre s\u00e9jour au Canada va se terminer demain. Nous en garderons un excellent souvenir, ayant pu appr\u00e9cier la grande gentillesse et la simplicit\u00e9 des Qu\u00e9b\u00e9cois. Nous avons beaucoup aim\u00e9 la promenade faite avec vous et la qualit\u00e9 de votre accueil. Peut-\u00eatre nous reverrons-nous un jour au Qu\u00e9bec ou en France ?<\/em><\/p>\n<p><em>Bien cordialement<\/em><\/p>\n<p>&#8211; Mich\u00e8le et G\u00e9rard J.<br \/>\nOctobre 2017<\/p>\n<p><em><br \/>\nJ&rsquo;ai joint mes\u00a0directeurs pour avoir l&rsquo;opinion des clients et ces derniers ont tous dit qu&rsquo;ils avaient ador\u00e9 l&rsquo;activit\u00e9, ce qui est une tr\u00e8s bonne nouvelle.<\/em><\/p>\n<p>&#8211; Emma,\u00a0\u00e0 propos de clients australiens<br \/>\n\u00c9t\u00e9 2015<\/p>\n<p><em>Encore une fois merci pour cette belle journ\u00e9e qui m&rsquo;a fait d\u00e9couvrir un quartier dont l&rsquo;histoire et les tr\u00e9sors m&rsquo;\u00e9taient inconnus et des rencontres fort int\u00e9ressantes.<\/em><\/p>\n<p>&#8211; H\u00e9l\u00e8ne T., Montr\u00e9al<br \/>\n\u00c9t\u00e9 2015<\/p>\n<ul>\n<li><strong>\u00c0 propos du g\u00eete (ferm\u00e9 en d\u00e9cembre 2022)<\/strong><\/li>\n<\/ul>\n<p><em>Quel bonheur de passer 6 jours dans ce paradis avec des gens si d\u00e9licieux. Merci \u00e0 toi, Sylvie, ainsi qu&rsquo;\u00e0 toi, Steve. que de belles rencontres : Olga, Emilio et les gens du quartier qu&rsquo;on a eu la chance de croiser, amicalement.<\/em><\/p>\n<p>&#8211; \u00a0Yannick, le Qu\u00e9b\u00e9cois d&rsquo;Annecy, en Savoie, France<\/p>\n<p>Ao\u00fbt 2022<\/p>\n<p><em>Bonjour Sylvie,<\/em><\/p>\n<p><em>Je pense toujours beaucoup \u00e0 toi et \u00e0 V\u00e9ga. C&rsquo;est simple, d\u00e8s que j&rsquo;ai un moment de vague \u00e0 l&rsquo;\u00e2me, je repense \u00e0 mon s\u00e9jour chez toi et je retrouve tout de suite le sourire ! Cela fait d\u00e9j\u00e0 trop longtemps que je suis partie de chez toi et je ne manque pas une occasion pour parler du Qu\u00e9bec autour de moi !\u00a0<\/em><\/p>\n<p>&#8211; \u00a0Alison C.<br \/>\nSuisse<br \/>\nMars 2018<\/p>\n<p><em>Un petit bonjour d&rsquo;Auvergne. Nous sommes nostalgiques de votre beau pays et de toi en particulier. Nous avons retrouv\u00e9 nos chattes et repris nos activit\u00e9s, en particulier la corv\u00e9e de ramassage des feuilles. Bruno va mettre de belles photos sur Instagram (Bruno Maltor). Mille fois merci pour ton accueil. Surtout ne change pas, tu es g\u00e9niale. Au plaisir de te voir en France.<\/em><\/p>\n<p>&#8211; Christine et Patrick M.<br \/>\nAuvergne<br \/>\nOct. 2017<\/p>\n<p><em>Bonjour Sylvie,<\/em><\/p>\n<p><em>Comme promis je t&rsquo;envoie un petit message sur mon voyage.Je commence \u00e0 peine \u00e0 r\u00e9aliser que ces 2 semaines sont pass\u00e9es beaucoup trop vite \u00e0 mon go\u00fbt. Tu as \u00e9t\u00e9 la premi\u00e8re personne \u00e0 m&rsquo;avoir accueilli \u00e0 mon arriv\u00e9e sur le sol canadien, et sans comparaison le meilleur accueil que j&rsquo;ai pu recevoir. Mes \u00e9tapes suivantes ont \u00e9t\u00e9 tout aussi amicales et la chaleur du peuple qu\u00e9b\u00e9cois restera un de mes souvenirs les plus chers, mais personne n&rsquo;a pris le temps comme tu l&rsquo;as fait de partager des discussions aussi int\u00e9ressantes, et surtout de me faire d\u00e9couvrir sa ville. Pour tout cela je te remercie !<\/em><\/p>\n<p><em>Le Qu\u00e9bec est une r\u00e9gion magnifique et fascinante. J&rsquo;ai l&rsquo;impression de n&rsquo;avoir fait qu&rsquo;effleurer le pays en une poign\u00e9e de jours, et il faudra n\u00e9cessairement revenir pour d\u00e9couvrir le reste. Je t&rsquo;envoie en pi\u00e8ce jointe le petit dessin que j&rsquo;ai fait. J&rsquo;esp\u00e8re qu&rsquo;il te plaira.<\/em><\/p>\n<p><em>Merci encore Sylvie, avec toute mon amiti\u00e9.<\/em><\/p>\n<p>&#8211; Ludo D.<br \/>\nLyon<br \/>\nSept. 2017<\/p>\n<p><em>Hello,<\/em><\/p>\n<p><em>Nous \u00a0t&#8217;embrassons et te remercions encore de ton hospitalit\u00e9. Vive le Qu\u00e9bec et les Qu\u00e9b\u00e9cois.<\/em><\/p>\n<p>&#8211; Catherine et Marie A.,<br \/>\nProvence<br \/>\nSept. 2017<\/p>\n<p><em>Bonjour Sylvie,<\/em><\/p>\n<p><em>Sommes ravis d&rsquo;avoir fait votre connaissance et gardons un excellent souvenir de notre s\u00e9jour chez-vous et de votre chaleureux accueil. Aurions bien voulu rester plus longtemps pour d&rsquo;autres moments de partage tr\u00e8s enrichissants.<\/em><\/p>\n<p><em>\u00c0 bient\u00f4t,<\/em><\/p>\n<p>&#8211; Denis et Nataliya M.<br \/>\nTours<br \/>\nAo\u00fbt 2017<\/p>\n<p><em>Merci pour ton merveilleux accueil, Sylvie. Notre entr\u00e9e au Canada a d\u00e9but\u00e9 magnifiquement bien gr\u00e2ce \u00e0 toi.<\/em><\/p>\n<p>&#8211; Nathalie P., Belgique<br \/>\n\u00c9t\u00e9 2017<\/p>\n<p>&nbsp;<\/p>\n<p><em>Nous tenons \u00e0 vous remercier encore de l&rsquo;excellent s\u00e9jour que nous avons pass\u00e9 aupr\u00e8s de vous. Durant notre p\u00e9riple qu\u00e9b\u00e9cois, aucun g\u00eete n&rsquo;a atteint la chaleur de votre accueil.\u00a0<\/em><\/p>\n<p><em>Gr\u00e2ce aux conseils de Steve nous avons d\u00e9couvert les mille \u00eeles dans les meilleures conditions \u00e0 partir de Rockport. De m\u00eame nous avons vu la queue de la baleine \u00abGaspar\u00bb au moment de sa plong\u00e9e dans le fleuve Saint-Laurent&#8230;<\/em><\/p>\n<p><em>Bien amicalement et caresses au gentil \u00abmatou\u00bb.<\/em><\/p>\n<p>&#8211; \u00a0Andr\u00e9 B., Toulouse<br \/>\n&#8211; Jean-Pierre B., Villenave d&rsquo;Orion,\u00a0FRANCE<br \/>\n\u00c9t\u00e9 2016<\/p>\n<p><em>Bonjour Sylvie,<\/em><\/p>\n<p><em>Quel souvenir vous nous aurez laiss\u00e9 lors de notre arriv\u00e9e \u00e0 Montr\u00e9al. L&rsquo;accueil dans votre charmante maison avec une h\u00f4tesse qui n&rsquo;a pas h\u00e9sit\u00e9 une seconde \u00e0 nous consacrer tout son temps. Nous avons eu un probl\u00e8me de t\u00e9l\u00e9phone, elle nous a accompagn\u00e9s dans un magasin de t\u00e9l\u00e9phonie, grand merci encore.<\/em><\/p>\n<p><em>Le petit d\u00e9jeuner a \u00e9t\u00e9 pour nous un moment d\u00e9licieux avec les sp\u00e9cialit\u00e9s montr\u00e9alaises et toujours la bonne humeur, le sourire de Sylvie qui nous a parl\u00e9 de Montr\u00e9al avec beaucoup d&rsquo;amour de sa r\u00e9gion, ce qui nous a permis d&rsquo;appr\u00e9cier encore plus la r\u00e9gion de Qu\u00e9bec.<\/em><\/p>\n<p><em>Nous avions \u00e9t\u00e9 heureux d&rsquo;avoir eu ce premier contact chaleureux et nous \u00e9tions ravis de revenir chez Sylvie apr\u00e8s notre p\u00e9riple en motoris\u00e9. Merci pour les bonnes adresses de restaurant en particulier \u00e0 la Banquise o\u00f9 nous avons mang\u00e9 \u00abla meilleure poutine\u00bb de Montr\u00e9al et d&rsquo;avoir r\u00e9pondu \u00e0 toutes nos questions.<\/em><\/p>\n<p><em>Une adresse \u00e0 recommander \u00e0 tous les voyageurs arrivant \u00e0 Montr\u00e9al.\u00a0<\/em><em>Le jour de notre arriv\u00e9e, Sylvie recevait son panonceau \u00abG\u00eete\u00bb avec 3 \u00e9toiles mais elle aurait m\u00e9rit\u00e9 un \u00ab4 \u00e9toiles\u00bb. Continuez vos r\u00e9ceptions avec toujours autant de joie et de bonheur.<br \/>\n<\/em><br \/>\n&#8211; Annie C. et Andr\u00e9 G.<br \/>\nVersailles<br \/>\n\u00c9t\u00e9 2016<\/p>\n<blockquote>\n<div id=\"divtagdefaultwrapper\" class=\"\" dir=\"ltr\">\n<div class=\"\">\n<div class=\"\"><em>Sylvie,<\/em><\/div>\n<div class=\"\"><em>Nous tenions \u00e0 te remercier pour ton accueil si bienveillant et si chaleureux. Montr\u00e9al a \u00e9t\u00e9 notre ville pr\u00e9f\u00e9r\u00e9e de nos 12 jours au Canada et c&rsquo;est certainement gr\u00e2ce \u00e0 toi, tes conseils et ton hospitalit\u00e9. La maison est tr\u00e8s agr\u00e9able et \u00ab\u00a0welcoming\u00a0\u00bb. On s&rsquo;y sent vraiment bien. Nous avons ador\u00e9 les conversations lors des petits d\u00e9jeuners qui nous ont permis de mieux cerner\u00a0ce magnifique pays.<\/em><\/div>\n<div class=\"\"><em>Comme tu nous l\u2019as dit, c&rsquo;est vrai que c&rsquo;est ton m\u00e9tier de guider les voyageurs, mais nous sommes certains que tu es unique. Ta gentillesse est une qualit\u00e9 rare.<\/em><\/div>\n<div class=\"\"><em>Merci encore, nous pensons et nous parlons souvent de toi.<\/em><\/div>\n<\/div>\n<div class=\"\"><em>A bient\u00f4t,<\/em><\/div>\n<div class=\"\">\u00a0&#8211; Laura et Julien D.<\/div>\n<div class=\"\">R\u00e9gion Parisienne<\/div>\n<div class=\"\">Octobre 2016<\/div>\n<\/div>\n<\/blockquote>\n<div class=\"\"><em>Ch\u00e8re Sylvie,<\/em><br \/>\n<em>Un peu longue pour te poster ce message mais le temps passe vite cela fait bient\u00f4t deux mois que nous sommes rentr\u00e9s.\u00a0<\/em><br \/>\n<em>Merci pour ton accueil, ta gentillesse, une maison formidable au milieu de tout pour se balader et tout faire \u00e0 pied.\u00a0<\/em><br \/>\n<em>Un petit d\u00e9jeuner comme on aime, \u00a0vari\u00e9 et copieux. \u00a0<\/em><br \/>\n<em>Et une rencontre chez toi avec un couple parisien qui de plus me parle du corton, pour te dire que j&rsquo;\u00e9tais ravie !<\/em><br \/>\n<em>Montr\u00e9al est magnifique et je pense que toi tu sais nous raconter son histoire avec cet enthousiasme&#8230;<\/em><br \/>\n<em>Nous avons pass\u00e9 un agr\u00e9able s\u00e9jour chez toi &#8230;<\/em><br \/>\n<em>Une impression de se conna\u00eetre depuis toujours , tu es magique ????<\/em><br \/>\n<em>Et je ne t&rsquo;oublie pas , je t envoie de bons macarons d&rsquo;Amiens\u00a0<\/em><br \/>\n<em>Je recommande +++++++++\u00a0<\/em><br \/>\n<em>De gros bisous ??????????????????????<\/em><\/div>\n<div class=\"\"><\/div>\n<div class=\"\">&#8211; Charles et Ga\u00eblle L.<\/div>\n<div class=\"\">Amiens, FRANCE<\/div>\n<div class=\"\">Octobre 2016<\/div>\n<p><\/p>","protected":false},"excerpt":{"rendered":"<p>\u00c0 propos des balades de quartier :\u00a0 Sylvie, depuis que nous sommes rentr\u00e9s en France, j&rsquo;ai souvent pens\u00e9 \u00e0 vous, \u00e0 notre rencontre, votre accueil si exceptionel, votre bonne humeur et vos explications fort int\u00e9ressantes. Jean et moi avons ador\u00e9 ce moment de partage si amical. Marie et Jean C., Paris Octobre 2024 Notre agence, &hellip; <a href=\"https:\/\/avecunquebecois.com\/fr\/temoignages\/\">Continued<\/a><\/p>\n","protected":false},"author":1,"featured_media":0,"parent":0,"menu_order":0,"comment_status":"closed","ping_status":"closed","template":"template-temoignages.php","meta":[],"_links":{"self":[{"href":"https:\/\/avecunquebecois.com\/fr\/wp-json\/wp\/v2\/pages\/9"}],"collection":[{"href":"https:\/\/avecunquebecois.com\/fr\/wp-json\/wp\/v2\/pages"}],"about":[{"href":"https:\/\/avecunquebecois.com\/fr\/wp-json\/wp\/v2\/types\/page"}],"author":[{"embeddable":true,"href":"https:\/\/avecunquebecois.com\/fr\/wp-json\/wp\/v2\/users\/1"}],"replies":[{"embeddable":true,"href":"https:\/\/avecunquebecois.com\/fr\/wp-json\/wp\/v2\/comments?post=9"}],"version-history":[{"count":32,"href":"https:\/\/avecunquebecois.com\/fr\/wp-json\/wp\/v2\/pages\/9\/revisions"}],"predecessor-version":[{"id":845,"href":"https:\/\/avecunquebecois.com\/fr\/wp-json\/wp\/v2\/pages\/9\/revisions\/845"}],"wp:attachment":[{"href":"https:\/\/avecunquebecois.com\/fr\/wp-json\/wp\/v2\/media?parent=9"}],"curies":[{"name":"wp","href":"https:\/\/api.w.org\/{rel}","templated":true}]}}